{"id":2,"date":"2023-04-26T13:17:24","date_gmt":"2023-04-26T11:17:24","guid":{"rendered":"https:\/\/www.xn--radonmtning-q8a.nu\/?page_id=2"},"modified":"2024-11-05T08:56:17","modified_gmt":"2024-11-05T07:56:17","slug":"radonmatning","status":"publish","type":"page","link":"https:\/\/www.xn--radonmtning-q8a.nu\/","title":{"rendered":"Radonm\u00e4tning"},"content":{"rendered":"\n<p>Ungef\u00e4r 325 000 bost\u00e4der i Sverige anses ha en f\u00f6rh\u00f6jd halt av radon i inomhusluften, vilket kan \u00f6ka risken f\u00f6r lungcancer vid l\u00e5ngvarig exponering. Varje \u00e5r drabbas omkring 500 personer i Sverige av lungcancer p\u00e5 grund av radon. Det \u00e4r viktigt att p\u00e5peka att radon \u00e4r en osynlig och luktfri gas, vilket inneb\u00e4r att den enda tillf\u00f6rlitliga metoden f\u00f6r att uppt\u00e4cka radon \u00e4r att utf\u00f6ra en radonm\u00e4tning.<\/p>\n\n\n\n<p>F\u00f6r att m\u00e4ta radon p\u00e5 ett s\u00e4kert och effektivt s\u00e4tt rekommenderas en l\u00e5ngtidsm\u00e4tning som utf\u00f6rs under minst 60 dagar mellan 1 oktober och 30 april. \u00c5rsmedelv\u00e4rdet f\u00f6r radonhalten i bost\u00e4der och allm\u00e4nna lokaler f\u00e5r inte \u00f6verstiga 200 Bq\/m3 enligt gr\u00e4nsv\u00e4rdena.<\/p>\n\n\n\n<div style=\"height:50px\" aria-hidden=\"true\" class=\"wp-block-spacer\"><\/div>\n\n\n\n<h3 class=\"wp-block-heading\">Att m\u00e4ta \u00e4r enkelt<\/h3>\n\n\n\n<p>Best\u00e4ll hem radondosor och f\u00f6lj instruktionerna f\u00f6r placering. Efter minst 60 dagar under eldningss\u00e4songen (1 oktober &#8211; 30 april) skickar du tillbaka dosorna f\u00f6r analys och f\u00e5r besked om radonhalten \u00e4r f\u00f6rh\u00f6jd eller inte inom cirka en vecka.<\/p>\n\n\n\n<p>Det \u00e4r viktigt att utf\u00f6ra en <a href=\"https:\/\/radonm\u00e4tning.se\" target=\"_blank\" rel=\"noreferrer noopener\">radonm\u00e4tning<\/a> i f\u00f6ljande situationer: vid k\u00f6p eller f\u00f6rs\u00e4ljning av en bostad, vid renovering eller tillbyggnad, vid \u00e4ndringar i ventilation eller uppv\u00e4rmningssystem, vid nybyggnation av ett hus och om det har g\u00e5tt mer \u00e4n 10 \u00e5r sedan senaste radonm\u00e4tningen eller om du misst\u00e4nker att det finns radon.<\/p>\n\n\n\n<div style=\"height:50px\" aria-hidden=\"true\" class=\"wp-block-spacer\"><\/div>\n\n\n\n<figure class=\"wp-block-image size-full\"><img loading=\"lazy\" decoding=\"async\" width=\"1920\" height=\"1436\" src=\"https:\/\/www.xn--radonmtning-q8a.nu\/wp-content\/uploads\/2023\/05\/radonmatning2023-05.jpg\" alt=\"Radonm\u00e4tning\" class=\"wp-image-49\" srcset=\"https:\/\/www.xn--radonmtning-q8a.nu\/wp-content\/uploads\/2023\/05\/radonmatning2023-05.jpg 1920w, https:\/\/www.xn--radonmtning-q8a.nu\/wp-content\/uploads\/2023\/05\/radonmatning2023-05-300x224.jpg 300w, https:\/\/www.xn--radonmtning-q8a.nu\/wp-content\/uploads\/2023\/05\/radonmatning2023-05-1024x766.jpg 1024w, https:\/\/www.xn--radonmtning-q8a.nu\/wp-content\/uploads\/2023\/05\/radonmatning2023-05-768x574.jpg 768w, https:\/\/www.xn--radonmtning-q8a.nu\/wp-content\/uploads\/2023\/05\/radonmatning2023-05-1536x1149.jpg 1536w\" sizes=\"auto, (max-width: 1920px) 100vw, 1920px\" \/><\/figure>\n\n\n\n<p><em>Radonm\u00e4tning \u00e4r det enda s\u00e4ttet att garantera en radonfri inomhusmilj\u00f6. L\u00e5ngvarig exponering av h\u00f6ga radonhalter \u00f6kar risken f\u00f6r lungcancer.<\/em><\/p>\n\n\n\n<div style=\"height:50px\" aria-hidden=\"true\" class=\"wp-block-spacer\"><\/div>\n\n\n\n<div class=\"wp-block-columns is-layout-flex wp-container-core-columns-is-layout-9d6595d7 wp-block-columns-is-layout-flex\">\n<div class=\"wp-block-column is-layout-flow wp-block-column-is-layout-flow\">\n<h3 class=\"wp-block-heading\">Radonm\u00e4tning i hus\/villa<\/h3>\n\n\n\n<p>F\u00f6r att m\u00e4ta radonhalten i en villa \u00e4r det rekommenderat att genomf\u00f6ra en l\u00e5ngtidsm\u00e4tning som ska p\u00e5g\u00e5 under minst 60 dagar under eldningss\u00e4songen mellan 1 oktober och 30 april. Vid snabba resultat kan en korttidsm\u00e4tning utf\u00f6ras utan \u00e5rsmedelv\u00e4rde, vilket kan vara l\u00e4mpligt exempelvis vid husk\u00f6p. F\u00f6r att s\u00e4kerst\u00e4lla radonhalten rekommenderas m\u00e4tning vid husk\u00f6p, husbygge, vid om- eller tillbyggnad av hus, vid f\u00f6r\u00e4ndringar av ventilation- eller uppv\u00e4rmningssystem eller om det har g\u00e5tt mer \u00e4n 10 \u00e5r sedan senaste m\u00e4tningen utf\u00f6rdes.<\/p>\n<\/div>\n\n\n\n<div class=\"wp-block-column is-layout-flow wp-block-column-is-layout-flow\">\n<h3 class=\"wp-block-heading\"><strong>Radonm\u00e4tning BRF\/flerbostadshus<\/strong><\/h3>\n\n\n\n<p>Enligt milj\u00f6balken har fastighets\u00e4gare ansvaret att \u00f6vervaka radonhalten i inomhusluften och vid behov vidta \u00e5tg\u00e4rder om halten \u00f6verstiger gr\u00e4nsv\u00e4rdet p\u00e5 200 Bq\/m3 (becquerel per kubikmeter). Str\u00e5ls\u00e4kerhetsmyndigheten (SSM) har tagit fram en metodbeskrivning f\u00f6r att m\u00e4ta radon i bost\u00e4der som inkluderar instruktioner f\u00f6r att v\u00e4lja ut ett urval av l\u00e4genheter f\u00f6r att f\u00e5 en uppfattning om eventuella problem med radonhalten.<\/p>\n<\/div>\n<\/div>\n\n\n\n<div style=\"height:50px\" aria-hidden=\"true\" class=\"wp-block-spacer\"><\/div>\n\n\n\n<div class=\"wp-block-columns is-layout-flex wp-container-core-columns-is-layout-9d6595d7 wp-block-columns-is-layout-flex\">\n<div class=\"wp-block-column is-layout-flow wp-block-column-is-layout-flow\">\n<h3 class=\"wp-block-heading\">Radonm\u00e4tning p\u00e5 skolor- f\u00f6rskola<\/h3>\n\n\n\n<p>Fastighets\u00e4garen har enligt Str\u00e5lskyddsf\u00f6rordningen ansvar f\u00f6r att h\u00e5lla radonhalterna i skolor och f\u00f6rskolor under 200 Bq\/m3 genom att utf\u00f6ra radonm\u00e4tningar och vidta \u00e5tg\u00e4rder om niv\u00e5erna \u00f6verskrider referensniv\u00e5n. <\/p>\n\n\n\n<p>F\u00f6r att m\u00e4ta radon p\u00e5 dessa arbetsplatser, b\u00f6r man f\u00f6lja Str\u00e5ls\u00e4kerhetsmyndighetens metodbeskrivning f\u00f6r m\u00e4tning av radon p\u00e5 arbetsplatser samt Socialstyrelsens till\u00e4ggsriktlinjer som ger mer specifika riktlinjer f\u00f6r antalet lokaler som b\u00f6r m\u00e4tas.<\/p>\n<\/div>\n\n\n\n<div class=\"wp-block-column is-layout-flow wp-block-column-is-layout-flow\">\n<h3 class=\"wp-block-heading\"><strong>Radonm\u00e4tning p\u00e5 arbetsplatser<\/strong><\/h3>\n\n\n\n<p>Det \u00e4r arbetsgivarens ansvar att se till att arbetsmilj\u00f6n \u00e4r s\u00e4ker, vilket \u00e4ven inkluderar att ha k\u00e4nnedom om radonhalten. Det \u00e4r viktigt f\u00f6r arbetstagare att k\u00e4nna sig trygga och s\u00e4kra p\u00e5 sin arbetsplats. Reglering av radon p\u00e5 arbetsplatser finns i Str\u00e5lskyddslagen, Str\u00e5lskyddsf\u00f6rordningen och Arbetsmilj\u00f6verkets f\u00f6reskrifter och allm\u00e4nna r\u00e5d om hygieniska gr\u00e4nsv\u00e4rden f\u00f6r exponering av radon.<\/p>\n\n\n\n<p>F\u00f6r att f\u00e5 en uppfattning om radonhalten i arbetslokalen b\u00f6r verksamheten forts\u00e4tta som vanligt under m\u00e4tningen, s\u00e5 att man f\u00e5r ett v\u00e4rde som \u00e5terspeglar den tid arbetstagarna tillbringar p\u00e5 arbetsplatsen. Det rekommenderas att radonm\u00e4tningen genomf\u00f6rs under eldningss\u00e4songen, som str\u00e4cker sig fr\u00e5n 1 oktober till 30 april.<\/p>\n<\/div>\n<\/div>\n\n\n\n<div style=\"height:50px\" aria-hidden=\"true\" class=\"wp-block-spacer\"><\/div>\n\n\n\n<h2 class=\"wp-block-heading\"><strong>Radonm\u00e4tning: Enkelt och livsviktigt!<\/strong><\/h2>\n\n\n\n<p><strong>Radon \u00e4r en osynlig och luktfri gas<\/strong> som kan vara farlig. Det enda s\u00e4ttet att uppt\u00e4cka den \u00e4r att m\u00e4ta.<\/p>\n\n\n\n<p><strong>Varf\u00f6r m\u00e4ta radon?<\/strong><\/p>\n\n\n\n<ul class=\"wp-block-list\">\n<li>Ungef\u00e4r 325 000 bost\u00e4der i Sverige har f\u00f6rh\u00f6jd radonhalt.<\/li>\n\n\n\n<li>Radon orsakar ca 500 fall av lungcancer varje \u00e5r i Sverige.<\/li>\n\n\n\n<li>Att m\u00e4ta radon \u00e4r b\u00e5de enkelt och billigt.<\/li>\n<\/ul>\n\n\n\n<p><strong>N\u00e4r ska man m\u00e4ta radon?<\/strong><\/p>\n\n\n\n<ul class=\"wp-block-list\">\n<li>Vid k\u00f6p eller f\u00f6rs\u00e4ljning av en bostad.<\/li>\n\n\n\n<li>Vid renovering eller tillbyggnad.<\/li>\n\n\n\n<li>Vid \u00e4ndringar i ventilation eller uppv\u00e4rmningssystem.<\/li>\n\n\n\n<li>Vid nybyggnation.<\/li>\n\n\n\n<li>Var 10:e \u00e5r.<\/li>\n<\/ul>\n\n\n\n<p><strong>Hur g\u00f6r man en radonm\u00e4tning?<\/strong><\/p>\n\n\n\n<ul class=\"wp-block-list\">\n<li>Best\u00e4ll hem radondosor.<\/li>\n\n\n\n<li>Placera ut dosorna enligt instruktionerna.<\/li>\n\n\n\n<li>Skicka tillbaka dosorna efter 60 dagar.<\/li>\n\n\n\n<li>F\u00e5 resultat och vidta \u00e5tg\u00e4rder om radonhalten \u00e4r f\u00f6rh\u00f6jd.<\/li>\n<\/ul>\n\n\n\n<p><br><strong>Tillsammans kan vi skapa en trygg och radonfri milj\u00f6!<\/strong><\/p>\n","protected":false},"excerpt":{"rendered":"<p>Ungef\u00e4r 325 000 bost\u00e4der i Sverige anses ha en f\u00f6rh\u00f6jd halt av radon i inomhusluften, vilket kan \u00f6ka risken f\u00f6r lungcancer vid l\u00e5ngvarig exponering. Varje<\/p>\n","protected":false},"author":1,"featured_media":0,"parent":0,"menu_order":0,"comment_status":"closed","ping_status":"closed","template":"","meta":{"footnotes":""},"class_list":["post-2","page","type-page","status-publish","hentry"],"yoast_head":"<!-- This site is optimized with the Yoast SEO plugin v27.3 - https:\/\/yoast.com\/product\/yoast-seo-wordpress\/ -->\n<title>Radonm\u00e4tning - Radonm\u00e4tning<\/title>\n<meta name=\"description\" content=\"Radonm\u00e4tning \u00e4r viktigt! Ungef\u00e4r 400 000 bost\u00e4der i Sverige anses ha en f\u00f6rh\u00f6jd halt av radon vilket kan \u00f6ka risken f\u00f6r lungcancer.\" \/>\n<meta name=\"robots\" content=\"index, follow, max-snippet:-1, max-image-preview:large, max-video-preview:-1\" \/>\n<link rel=\"canonical\" href=\"https:\/\/www.xn--radonmtning-q8a.nu\/\" \/>\n<meta property=\"og:locale\" content=\"sv_SE\" \/>\n<meta property=\"og:type\" content=\"article\" \/>\n<meta property=\"og:title\" content=\"Radonm\u00e4tning - Radonm\u00e4tning\" \/>\n<meta property=\"og:description\" content=\"Radonm\u00e4tning \u00e4r viktigt! Ungef\u00e4r 400 000 bost\u00e4der i Sverige anses ha en f\u00f6rh\u00f6jd halt av radon vilket kan \u00f6ka risken f\u00f6r lungcancer.\" \/>\n<meta property=\"og:url\" content=\"https:\/\/www.xn--radonmtning-q8a.nu\/\" \/>\n<meta property=\"og:site_name\" content=\"Radonm\u00e4tning\" \/>\n<meta property=\"article:modified_time\" content=\"2024-11-05T07:56:17+00:00\" \/>\n<meta property=\"og:image\" content=\"https:\/\/www.xn--radonmtning-q8a.nu\/wp-content\/uploads\/2023\/05\/radonmatning2023-05.jpg\" \/>\n\t<meta property=\"og:image:width\" content=\"1920\" \/>\n\t<meta property=\"og:image:height\" content=\"1436\" \/>\n\t<meta property=\"og:image:type\" content=\"image\/jpeg\" \/>\n<meta name=\"twitter:card\" content=\"summary_large_image\" \/>\n<meta name=\"twitter:label1\" content=\"Ber\u00e4knad l\u00e4stid\" \/>\n\t<meta name=\"twitter:data1\" content=\"4 minuter\" \/>\n<script type=\"application\/ld+json\" class=\"yoast-schema-graph\">{\"@context\":\"https:\\\/\\\/schema.org\",\"@graph\":[{\"@type\":\"WebPage\",\"@id\":\"https:\\\/\\\/www.xn--radonmtning-q8a.nu\\\/\",\"url\":\"https:\\\/\\\/www.xn--radonmtning-q8a.nu\\\/\",\"name\":\"Radonm\u00e4tning - Radonm\u00e4tning\",\"isPartOf\":{\"@id\":\"https:\\\/\\\/www.xn--radonmtning-q8a.nu\\\/#website\"},\"primaryImageOfPage\":{\"@id\":\"https:\\\/\\\/www.xn--radonmtning-q8a.nu\\\/#primaryimage\"},\"image\":{\"@id\":\"https:\\\/\\\/www.xn--radonmtning-q8a.nu\\\/#primaryimage\"},\"thumbnailUrl\":\"https:\\\/\\\/www.xn--radonmtning-q8a.nu\\\/wp-content\\\/uploads\\\/2023\\\/05\\\/radonmatning2023-05.jpg\",\"datePublished\":\"2023-04-26T11:17:24+00:00\",\"dateModified\":\"2024-11-05T07:56:17+00:00\",\"description\":\"Radonm\u00e4tning \u00e4r viktigt! Ungef\u00e4r 400 000 bost\u00e4der i Sverige anses ha en f\u00f6rh\u00f6jd halt av radon vilket kan \u00f6ka risken f\u00f6r lungcancer.\",\"breadcrumb\":{\"@id\":\"https:\\\/\\\/www.xn--radonmtning-q8a.nu\\\/#breadcrumb\"},\"inLanguage\":\"sv-SE\",\"potentialAction\":[{\"@type\":\"ReadAction\",\"target\":[\"https:\\\/\\\/www.xn--radonmtning-q8a.nu\\\/\"]}]},{\"@type\":\"ImageObject\",\"inLanguage\":\"sv-SE\",\"@id\":\"https:\\\/\\\/www.xn--radonmtning-q8a.nu\\\/#primaryimage\",\"url\":\"https:\\\/\\\/www.xn--radonmtning-q8a.nu\\\/wp-content\\\/uploads\\\/2023\\\/05\\\/radonmatning2023-05.jpg\",\"contentUrl\":\"https:\\\/\\\/www.xn--radonmtning-q8a.nu\\\/wp-content\\\/uploads\\\/2023\\\/05\\\/radonmatning2023-05.jpg\",\"width\":1920,\"height\":1436},{\"@type\":\"BreadcrumbList\",\"@id\":\"https:\\\/\\\/www.xn--radonmtning-q8a.nu\\\/#breadcrumb\",\"itemListElement\":[{\"@type\":\"ListItem\",\"position\":1,\"name\":\"Hem\",\"item\":\"https:\\\/\\\/www.xn--radonmtning-q8a.nu\\\/\"},{\"@type\":\"ListItem\",\"position\":2,\"name\":\"Radonm\u00e4tning\"}]},{\"@type\":\"WebSite\",\"@id\":\"https:\\\/\\\/www.xn--radonmtning-q8a.nu\\\/#website\",\"url\":\"https:\\\/\\\/www.xn--radonmtning-q8a.nu\\\/\",\"name\":\"Radonm\u00e4tning\",\"description\":\"Det enda s\u00e4ttet att uppt\u00e4cka radon \u00e4r att m\u00e4ta\",\"potentialAction\":[{\"@type\":\"SearchAction\",\"target\":{\"@type\":\"EntryPoint\",\"urlTemplate\":\"https:\\\/\\\/www.xn--radonmtning-q8a.nu\\\/?s={search_term_string}\"},\"query-input\":{\"@type\":\"PropertyValueSpecification\",\"valueRequired\":true,\"valueName\":\"search_term_string\"}}],\"inLanguage\":\"sv-SE\"}]}<\/script>\n<!-- \/ Yoast SEO plugin. -->","yoast_head_json":{"title":"Radonm\u00e4tning - Radonm\u00e4tning","description":"Radonm\u00e4tning \u00e4r viktigt! Ungef\u00e4r 400 000 bost\u00e4der i Sverige anses ha en f\u00f6rh\u00f6jd halt av radon vilket kan \u00f6ka risken f\u00f6r lungcancer.","robots":{"index":"index","follow":"follow","max-snippet":"max-snippet:-1","max-image-preview":"max-image-preview:large","max-video-preview":"max-video-preview:-1"},"canonical":"https:\/\/www.xn--radonmtning-q8a.nu\/","og_locale":"sv_SE","og_type":"article","og_title":"Radonm\u00e4tning - Radonm\u00e4tning","og_description":"Radonm\u00e4tning \u00e4r viktigt! Ungef\u00e4r 400 000 bost\u00e4der i Sverige anses ha en f\u00f6rh\u00f6jd halt av radon vilket kan \u00f6ka risken f\u00f6r lungcancer.","og_url":"https:\/\/www.xn--radonmtning-q8a.nu\/","og_site_name":"Radonm\u00e4tning","article_modified_time":"2024-11-05T07:56:17+00:00","og_image":[{"width":1920,"height":1436,"url":"https:\/\/www.xn--radonmtning-q8a.nu\/wp-content\/uploads\/2023\/05\/radonmatning2023-05.jpg","type":"image\/jpeg"}],"twitter_card":"summary_large_image","twitter_misc":{"Ber\u00e4knad l\u00e4stid":"4 minuter"},"schema":{"@context":"https:\/\/schema.org","@graph":[{"@type":"WebPage","@id":"https:\/\/www.xn--radonmtning-q8a.nu\/","url":"https:\/\/www.xn--radonmtning-q8a.nu\/","name":"Radonm\u00e4tning - Radonm\u00e4tning","isPartOf":{"@id":"https:\/\/www.xn--radonmtning-q8a.nu\/#website"},"primaryImageOfPage":{"@id":"https:\/\/www.xn--radonmtning-q8a.nu\/#primaryimage"},"image":{"@id":"https:\/\/www.xn--radonmtning-q8a.nu\/#primaryimage"},"thumbnailUrl":"https:\/\/www.xn--radonmtning-q8a.nu\/wp-content\/uploads\/2023\/05\/radonmatning2023-05.jpg","datePublished":"2023-04-26T11:17:24+00:00","dateModified":"2024-11-05T07:56:17+00:00","description":"Radonm\u00e4tning \u00e4r viktigt! Ungef\u00e4r 400 000 bost\u00e4der i Sverige anses ha en f\u00f6rh\u00f6jd halt av radon vilket kan \u00f6ka risken f\u00f6r lungcancer.","breadcrumb":{"@id":"https:\/\/www.xn--radonmtning-q8a.nu\/#breadcrumb"},"inLanguage":"sv-SE","potentialAction":[{"@type":"ReadAction","target":["https:\/\/www.xn--radonmtning-q8a.nu\/"]}]},{"@type":"ImageObject","inLanguage":"sv-SE","@id":"https:\/\/www.xn--radonmtning-q8a.nu\/#primaryimage","url":"https:\/\/www.xn--radonmtning-q8a.nu\/wp-content\/uploads\/2023\/05\/radonmatning2023-05.jpg","contentUrl":"https:\/\/www.xn--radonmtning-q8a.nu\/wp-content\/uploads\/2023\/05\/radonmatning2023-05.jpg","width":1920,"height":1436},{"@type":"BreadcrumbList","@id":"https:\/\/www.xn--radonmtning-q8a.nu\/#breadcrumb","itemListElement":[{"@type":"ListItem","position":1,"name":"Hem","item":"https:\/\/www.xn--radonmtning-q8a.nu\/"},{"@type":"ListItem","position":2,"name":"Radonm\u00e4tning"}]},{"@type":"WebSite","@id":"https:\/\/www.xn--radonmtning-q8a.nu\/#website","url":"https:\/\/www.xn--radonmtning-q8a.nu\/","name":"Radonm\u00e4tning","description":"Det enda s\u00e4ttet att uppt\u00e4cka radon \u00e4r att m\u00e4ta","potentialAction":[{"@type":"SearchAction","target":{"@type":"EntryPoint","urlTemplate":"https:\/\/www.xn--radonmtning-q8a.nu\/?s={search_term_string}"},"query-input":{"@type":"PropertyValueSpecification","valueRequired":true,"valueName":"search_term_string"}}],"inLanguage":"sv-SE"}]}},"jetpack_sharing_enabled":true,"_links":{"self":[{"href":"https:\/\/www.xn--radonmtning-q8a.nu\/index.php?rest_route=\/wp\/v2\/pages\/2","targetHints":{"allow":["GET"]}}],"collection":[{"href":"https:\/\/www.xn--radonmtning-q8a.nu\/index.php?rest_route=\/wp\/v2\/pages"}],"about":[{"href":"https:\/\/www.xn--radonmtning-q8a.nu\/index.php?rest_route=\/wp\/v2\/types\/page"}],"author":[{"embeddable":true,"href":"https:\/\/www.xn--radonmtning-q8a.nu\/index.php?rest_route=\/wp\/v2\/users\/1"}],"replies":[{"embeddable":true,"href":"https:\/\/www.xn--radonmtning-q8a.nu\/index.php?rest_route=%2Fwp%2Fv2%2Fcomments&post=2"}],"version-history":[{"count":22,"href":"https:\/\/www.xn--radonmtning-q8a.nu\/index.php?rest_route=\/wp\/v2\/pages\/2\/revisions"}],"predecessor-version":[{"id":83,"href":"https:\/\/www.xn--radonmtning-q8a.nu\/index.php?rest_route=\/wp\/v2\/pages\/2\/revisions\/83"}],"wp:attachment":[{"href":"https:\/\/www.xn--radonmtning-q8a.nu\/index.php?rest_route=%2Fwp%2Fv2%2Fmedia&parent=2"}],"curies":[{"name":"wp","href":"https:\/\/api.w.org\/{rel}","templated":true}]}}